{"id":1119,"date":"2025-04-01T12:07:37","date_gmt":"2025-04-01T10:07:37","guid":{"rendered":"https:\/\/www.alfygeo.sk\/?page_id=1119"},"modified":"2025-04-01T12:14:14","modified_gmt":"2025-04-01T10:14:14","slug":"ochrana-osobnych-udajov","status":"publish","type":"page","link":"https:\/\/www.alfygeo.sk\/hu\/ochrana-osobnych-udajov\/","title":{"rendered":"Ochrana osobn\u00fdch \u00fadajov"},"content":{"rendered":"\t\t<div data-elementor-type=\"wp-post\" data-elementor-id=\"1119\" class=\"elementor elementor-1119\" data-elementor-post-type=\"page\">\n\t\t\t\t\t\t<section class=\"elementor-section elementor-top-section elementor-element elementor-element-095f5f3 elementor-section-boxed elementor-section-height-default elementor-section-height-default\" data-id=\"095f5f3\" data-element_type=\"section\">\n\t\t\t\t\t\t<div class=\"elementor-container elementor-column-gap-default\">\n\t\t\t\t\t<div class=\"aux-parallax-section elementor-column elementor-col-100 elementor-top-column elementor-element elementor-element-77ee5b7\" data-id=\"77ee5b7\" data-element_type=\"column\">\n\t\t\t<div class=\"elementor-widget-wrap elementor-element-populated\">\n\t\t\t\t\t\t<div class=\"elementor-element elementor-element-805a323 elementor-widget elementor-widget-aux_modern_heading\" data-id=\"805a323\" data-element_type=\"widget\" data-widget_type=\"aux_modern_heading.default\">\n\t\t\t\t<div class=\"elementor-widget-container\">\n\t\t\t\t\t<section class=\"aux-widget-modern-heading\">\n            <div class=\"aux-widget-inner\"><h1 class=\"aux-modern-heading-primary\">Ochrana osobn\u00fdch \u00fadajov<\/h1><div class=\"aux-modern-heading-divider\"><\/div><\/div>\n        <\/section>\t\t\t\t<\/div>\n\t\t\t\t<\/div>\n\t\t\t\t\t<\/div>\n\t\t<\/div>\n\t\t\t\t\t<\/div>\n\t\t<\/section>\n\t\t\t\t<section class=\"elementor-section elementor-top-section elementor-element elementor-element-07cda75 elementor-section-boxed elementor-section-height-default elementor-section-height-default\" data-id=\"07cda75\" data-element_type=\"section\">\n\t\t\t\t\t\t<div class=\"elementor-container elementor-column-gap-default\">\n\t\t\t\t\t<div class=\"aux-parallax-section elementor-column elementor-col-50 elementor-top-column elementor-element elementor-element-e105ee4\" data-id=\"e105ee4\" data-element_type=\"column\">\n\t\t\t<div class=\"elementor-widget-wrap elementor-element-populated\">\n\t\t\t\t\t\t<div class=\"elementor-element elementor-element-f684208 elementor-align-center elementor-widget elementor-widget-button\" data-id=\"f684208\" data-element_type=\"widget\" data-widget_type=\"button.default\">\n\t\t\t\t<div class=\"elementor-widget-container\">\n\t\t\t\t\t\t\t\t\t<div class=\"elementor-button-wrapper\">\n\t\t\t\t\t<a class=\"elementor-button elementor-button-link elementor-size-sm\" href=\"https:\/\/www.alfygeo.sk\/zasady-spracovania-a-ochrany-osobnych-udajov\/\">\n\t\t\t\t\t\t<span class=\"elementor-button-content-wrapper\">\n\t\t\t\t\t\t\t\t\t<span class=\"elementor-button-text\">POU\u010cENIE DOTKNUTEJ OSOBY<\/span>\n\t\t\t\t\t<\/span>\n\t\t\t\t\t<\/a>\n\t\t\t\t<\/div>\n\t\t\t\t\t\t\t\t<\/div>\n\t\t\t\t<\/div>\n\t\t\t\t\t<\/div>\n\t\t<\/div>\n\t\t\t\t<div class=\"aux-parallax-section elementor-column elementor-col-50 elementor-top-column elementor-element elementor-element-58311bb\" data-id=\"58311bb\" data-element_type=\"column\">\n\t\t\t<div class=\"elementor-widget-wrap elementor-element-populated\">\n\t\t\t\t\t\t<div class=\"elementor-element elementor-element-a53b0a3 elementor-align-center elementor-widget elementor-widget-button\" data-id=\"a53b0a3\" data-element_type=\"widget\" data-widget_type=\"button.default\">\n\t\t\t\t<div class=\"elementor-widget-container\">\n\t\t\t\t\t\t\t\t\t<div class=\"elementor-button-wrapper\">\n\t\t\t\t\t<a class=\"elementor-button elementor-button-link elementor-size-sm\" href=\"https:\/\/www.alfygeo.sk\/poucenie-dotknutej-osoby\/\">\n\t\t\t\t\t\t<span class=\"elementor-button-content-wrapper\">\n\t\t\t\t\t\t\t\t\t<span class=\"elementor-button-text\">POU\u010cENIE DOTKNUTEJ OSOBY<\/span>\n\t\t\t\t\t<\/span>\n\t\t\t\t\t<\/a>\n\t\t\t\t<\/div>\n\t\t\t\t\t\t\t\t<\/div>\n\t\t\t\t<\/div>\n\t\t\t\t\t<\/div>\n\t\t<\/div>\n\t\t\t\t\t<\/div>\n\t\t<\/section>\n\t\t\t\t<\/div>\n\t\t","protected":false},"excerpt":{"rendered":"<p>Ochrana osobn\u00fdch \u00fadajov POU\u010cENIE DOTKNUTEJ OSOBY POU\u010cENIE DOTKNUTEJ OSOBY<\/p>\n","protected":false},"author":1,"featured_media":0,"parent":0,"menu_order":0,"comment_status":"closed","ping_status":"closed","template":"","meta":{"_monsterinsights_skip_tracking":false,"_monsterinsights_sitenote_active":false,"_monsterinsights_sitenote_note":"","_monsterinsights_sitenote_category":0,"footnotes":""},"class_list":["post-1119","page","type-page","status-publish","hentry"],"yoast_head":"<!-- This site is optimized with the Yoast SEO plugin v24.3 - https:\/\/yoast.com\/wordpress\/plugins\/seo\/ -->\n<title>Ochrana osobn\u00fdch \u00fadajov - Alfygeo plus<\/title>\n<meta name=\"robots\" content=\"index, follow, max-snippet:-1, max-image-preview:large, max-video-preview:-1\" \/>\n<link rel=\"canonical\" href=\"https:\/\/www.alfygeo.sk\/hu\/ochrana-osobnych-udajov\/\" \/>\n<meta property=\"og:locale\" content=\"hu_HU\" \/>\n<meta property=\"og:type\" content=\"article\" \/>\n<meta property=\"og:title\" content=\"Ochrana osobn\u00fdch \u00fadajov - Alfygeo plus\" \/>\n<meta property=\"og:description\" content=\"Ochrana osobn\u00fdch \u00fadajov POU\u010cENIE DOTKNUTEJ OSOBY POU\u010cENIE DOTKNUTEJ OSOBY\" \/>\n<meta property=\"og:url\" content=\"https:\/\/www.alfygeo.sk\/hu\/ochrana-osobnych-udajov\/\" \/>\n<meta property=\"og:site_name\" content=\"Alfygeo plus\" \/>\n<meta property=\"article:modified_time\" content=\"2025-04-01T10:14:14+00:00\" \/>\n<meta name=\"twitter:card\" content=\"summary_large_image\" \/>\n<meta name=\"twitter:label1\" content=\"Becs\u00fclt olvas\u00e1si id\u0151\" \/>\n\t<meta name=\"twitter:data1\" content=\"1 perc\" \/>\n<script type=\"application\/ld+json\" class=\"yoast-schema-graph\">{\"@context\":\"https:\/\/schema.org\",\"@graph\":[{\"@type\":\"WebPage\",\"@id\":\"https:\/\/www.alfygeo.sk\/hu\/ochrana-osobnych-udajov\/\",\"url\":\"https:\/\/www.alfygeo.sk\/hu\/ochrana-osobnych-udajov\/\",\"name\":\"Ochrana osobn\u00fdch \u00fadajov - Alfygeo plus\",\"isPartOf\":{\"@id\":\"https:\/\/www.alfygeo.sk\/hu\/#website\"},\"datePublished\":\"2025-04-01T10:07:37+00:00\",\"dateModified\":\"2025-04-01T10:14:14+00:00\",\"breadcrumb\":{\"@id\":\"https:\/\/www.alfygeo.sk\/hu\/ochrana-osobnych-udajov\/#breadcrumb\"},\"inLanguage\":\"hu\",\"potentialAction\":[{\"@type\":\"ReadAction\",\"target\":[\"https:\/\/www.alfygeo.sk\/hu\/ochrana-osobnych-udajov\/\"]}]},{\"@type\":\"BreadcrumbList\",\"@id\":\"https:\/\/www.alfygeo.sk\/hu\/ochrana-osobnych-udajov\/#breadcrumb\",\"itemListElement\":[{\"@type\":\"ListItem\",\"position\":1,\"name\":\"Home\",\"item\":\"https:\/\/www.alfygeo.sk\/hu\/\"},{\"@type\":\"ListItem\",\"position\":2,\"name\":\"Ochrana osobn\u00fdch \u00fadajov\"}]},{\"@type\":\"WebSite\",\"@id\":\"https:\/\/www.alfygeo.sk\/hu\/#website\",\"url\":\"https:\/\/www.alfygeo.sk\/hu\/\",\"name\":\"Alfygeo plus\",\"description\":\"Spo\u013eahliv\u00e9 merania pre v\u00e1\u0161 projekt\",\"publisher\":{\"@id\":\"https:\/\/www.alfygeo.sk\/hu\/#organization\"},\"potentialAction\":[{\"@type\":\"SearchAction\",\"target\":{\"@type\":\"EntryPoint\",\"urlTemplate\":\"https:\/\/www.alfygeo.sk\/hu\/?s={search_term_string}\"},\"query-input\":{\"@type\":\"PropertyValueSpecification\",\"valueRequired\":true,\"valueName\":\"search_term_string\"}}],\"inLanguage\":\"hu\"},{\"@type\":\"Organization\",\"@id\":\"https:\/\/www.alfygeo.sk\/hu\/#organization\",\"name\":\"Alfygeo plus\",\"url\":\"https:\/\/www.alfygeo.sk\/hu\/\",\"logo\":{\"@type\":\"ImageObject\",\"inLanguage\":\"hu\",\"@id\":\"https:\/\/www.alfygeo.sk\/hu\/#\/schema\/logo\/image\/\",\"url\":\"https:\/\/www.alfygeo.sk\/wp-content\/uploads\/2020\/03\/logo-alfygeo-plus.webp\",\"contentUrl\":\"https:\/\/www.alfygeo.sk\/wp-content\/uploads\/2020\/03\/logo-alfygeo-plus.webp\",\"width\":350,\"height\":60,\"caption\":\"Alfygeo plus\"},\"image\":{\"@id\":\"https:\/\/www.alfygeo.sk\/hu\/#\/schema\/logo\/image\/\"}}]}<\/script>\n<!-- \/ Yoast SEO plugin. -->","yoast_head_json":{"title":"Ochrana osobn\u00fdch \u00fadajov - Alfygeo plus","robots":{"index":"index","follow":"follow","max-snippet":"max-snippet:-1","max-image-preview":"max-image-preview:large","max-video-preview":"max-video-preview:-1"},"canonical":"https:\/\/www.alfygeo.sk\/hu\/ochrana-osobnych-udajov\/","og_locale":"hu_HU","og_type":"article","og_title":"Ochrana osobn\u00fdch \u00fadajov - Alfygeo plus","og_description":"Ochrana osobn\u00fdch \u00fadajov POU\u010cENIE DOTKNUTEJ OSOBY POU\u010cENIE DOTKNUTEJ OSOBY","og_url":"https:\/\/www.alfygeo.sk\/hu\/ochrana-osobnych-udajov\/","og_site_name":"Alfygeo plus","article_modified_time":"2025-04-01T10:14:14+00:00","twitter_card":"summary_large_image","twitter_misc":{"Becs\u00fclt olvas\u00e1si id\u0151":"1 perc"},"schema":{"@context":"https:\/\/schema.org","@graph":[{"@type":"WebPage","@id":"https:\/\/www.alfygeo.sk\/hu\/ochrana-osobnych-udajov\/","url":"https:\/\/www.alfygeo.sk\/hu\/ochrana-osobnych-udajov\/","name":"Ochrana osobn\u00fdch \u00fadajov - Alfygeo plus","isPartOf":{"@id":"https:\/\/www.alfygeo.sk\/hu\/#website"},"datePublished":"2025-04-01T10:07:37+00:00","dateModified":"2025-04-01T10:14:14+00:00","breadcrumb":{"@id":"https:\/\/www.alfygeo.sk\/hu\/ochrana-osobnych-udajov\/#breadcrumb"},"inLanguage":"hu","potentialAction":[{"@type":"ReadAction","target":["https:\/\/www.alfygeo.sk\/hu\/ochrana-osobnych-udajov\/"]}]},{"@type":"BreadcrumbList","@id":"https:\/\/www.alfygeo.sk\/hu\/ochrana-osobnych-udajov\/#breadcrumb","itemListElement":[{"@type":"ListItem","position":1,"name":"Home","item":"https:\/\/www.alfygeo.sk\/hu\/"},{"@type":"ListItem","position":2,"name":"Ochrana osobn\u00fdch \u00fadajov"}]},{"@type":"WebSite","@id":"https:\/\/www.alfygeo.sk\/hu\/#website","url":"https:\/\/www.alfygeo.sk\/hu\/","name":"Alfygeo plus","description":"Spo\u013eahliv\u00e9 merania pre v\u00e1\u0161 projekt","publisher":{"@id":"https:\/\/www.alfygeo.sk\/hu\/#organization"},"potentialAction":[{"@type":"SearchAction","target":{"@type":"EntryPoint","urlTemplate":"https:\/\/www.alfygeo.sk\/hu\/?s={search_term_string}"},"query-input":{"@type":"PropertyValueSpecification","valueRequired":true,"valueName":"search_term_string"}}],"inLanguage":"hu"},{"@type":"Organization","@id":"https:\/\/www.alfygeo.sk\/hu\/#organization","name":"Alfygeo plus","url":"https:\/\/www.alfygeo.sk\/hu\/","logo":{"@type":"ImageObject","inLanguage":"hu","@id":"https:\/\/www.alfygeo.sk\/hu\/#\/schema\/logo\/image\/","url":"https:\/\/www.alfygeo.sk\/wp-content\/uploads\/2020\/03\/logo-alfygeo-plus.webp","contentUrl":"https:\/\/www.alfygeo.sk\/wp-content\/uploads\/2020\/03\/logo-alfygeo-plus.webp","width":350,"height":60,"caption":"Alfygeo plus"},"image":{"@id":"https:\/\/www.alfygeo.sk\/hu\/#\/schema\/logo\/image\/"}}]}},"_links":{"self":[{"href":"https:\/\/www.alfygeo.sk\/hu\/wp-json\/wp\/v2\/pages\/1119","targetHints":{"allow":["GET"]}}],"collection":[{"href":"https:\/\/www.alfygeo.sk\/hu\/wp-json\/wp\/v2\/pages"}],"about":[{"href":"https:\/\/www.alfygeo.sk\/hu\/wp-json\/wp\/v2\/types\/page"}],"author":[{"embeddable":true,"href":"https:\/\/www.alfygeo.sk\/hu\/wp-json\/wp\/v2\/users\/1"}],"replies":[{"embeddable":true,"href":"https:\/\/www.alfygeo.sk\/hu\/wp-json\/wp\/v2\/comments?post=1119"}],"version-history":[{"count":4,"href":"https:\/\/www.alfygeo.sk\/hu\/wp-json\/wp\/v2\/pages\/1119\/revisions"}],"predecessor-version":[{"id":1125,"href":"https:\/\/www.alfygeo.sk\/hu\/wp-json\/wp\/v2\/pages\/1119\/revisions\/1125"}],"wp:attachment":[{"href":"https:\/\/www.alfygeo.sk\/hu\/wp-json\/wp\/v2\/media?parent=1119"}],"curies":[{"name":"wp","href":"https:\/\/api.w.org\/{rel}","templated":true}]}}