{"id":682,"date":"2025-03-16T18:30:13","date_gmt":"2025-03-16T17:30:13","guid":{"rendered":"https:\/\/www.alfygeo.sk\/?page_id=682"},"modified":"2025-03-24T16:14:31","modified_gmt":"2025-03-24T15:14:31","slug":"araink","status":"publish","type":"page","link":"https:\/\/www.alfygeo.sk\/hu\/araink\/","title":{"rendered":"\u00c1raink"},"content":{"rendered":"\t\t<div data-elementor-type=\"wp-post\" data-elementor-id=\"682\" class=\"elementor elementor-682\" data-elementor-post-type=\"page\">\n\t\t\t\t\t\t<section class=\"elementor-section elementor-top-section elementor-element elementor-element-72dc777 elementor-section-boxed elementor-section-height-default elementor-section-height-default\" data-id=\"72dc777\" data-element_type=\"section\">\n\t\t\t\t\t\t<div class=\"elementor-container elementor-column-gap-no\">\n\t\t\t\t\t<div class=\"aux-parallax-section elementor-column elementor-col-66 elementor-top-column elementor-element elementor-element-420852e\" data-id=\"420852e\" data-element_type=\"column\">\n\t\t\t<div class=\"elementor-widget-wrap elementor-element-populated\">\n\t\t\t\t\t\t<div class=\"elementor-element elementor-element-e56b624 aux-appear-watch-animation aux-fade-in-up elementor-widget elementor-widget-aux_modern_heading\" data-id=\"e56b624\" data-element_type=\"widget\" data-widget_type=\"aux_modern_heading.default\">\n\t\t\t\t<div class=\"elementor-widget-container\">\n\t\t\t\t\t<section class=\"aux-widget-modern-heading\">\n            <div class=\"aux-widget-inner\"><div class=\"aux-modern-heading-divider\"><\/div><h6 class=\"aux-modern-heading-primary\">\u00c1raj\u00e1nlat<\/h6><h6 class=\"aux-modern-heading-secondary\"><span class=\"aux-head-before\">\u00c1raink<\/span><\/h6><div class=\"aux-modern-heading-description\"><p>Minden f\u00f6ldm\u00e9r\u00e9si munka egyedi, ez\u00e9rt a d\u00edjaz\u00e1st mindig egyedi aj\u00e1nlatk\u00e9r\u00e9s alapj\u00e1n, a konkr\u00e9t feladat pontos ismeret\u00e9ben hat\u00e1rozom meg. Nem alkalmazok fix \u00e1raz\u00e1st, mivel a munk\u00e1k \u00f6sszetetts\u00e9ge \u00e9s id\u0151ig\u00e9nye jelent\u0151sen elt\u00e9rhet. Egy egyszer\u0171bb megb\u00edz\u00e1s k\u00f6lts\u00e9ge alacsonyabb, m\u00edg a bonyolultabb, t\u00f6bb szak\u00e9rtelmet \u00e9s id\u0151t ig\u00e9nyl\u0151 feladatok magasabb d\u00edjaz\u00e1ssal j\u00e1rnak.<\/p><\/div><\/div>\n        <\/section>\t\t\t\t<\/div>\n\t\t\t\t<\/div>\n\t\t\t\t<div class=\"elementor-element elementor-element-2ece511 aux-appear-watch-animation aux-fade-in-up pixel-yellow-line elementor-widget elementor-widget-text-editor\" data-id=\"2ece511\" data-element_type=\"widget\" data-widget_type=\"text-editor.default\">\n\t\t\t\t<div class=\"elementor-widget-container\">\n\t\t\t\t\t\t\t\t\t<p>A f\u00f6ldm\u00e9r\u00e9s nem csup\u00e1n m\u0171szaki dokumentumok elk\u00e9sz\u00edt\u00e9s\u00e9b\u0151l \u00e1ll, hanem komplex szakmai tev\u00e9kenys\u00e9g, amely mag\u00e1ban foglalja a tan\u00e1csad\u00e1st, az adminisztrat\u00edv \u00fcgyint\u00e9z\u00e9st \u00e9s az \u00fcgyfelek \u00e9rdekeinek k\u00e9pviselet\u00e9t is. Mindezek mellett a f\u00f6ldm\u00e9r\u0151 felel\u0151ss\u00e9get v\u00e1llal az elv\u00e9gzett munk\u00e1j\u00e1\u00e9rt, hiszen a m\u00e9r\u00e9si eredm\u00e9nyek \u00e9s dokument\u00e1ci\u00f3k hossz\u00fa t\u00e1von is meghat\u00e1roz\u00f3 szerepet j\u00e1tszanak az ingatlanok jogi \u00e9s m\u0171szaki viszonyaiban.<\/p>\t\t\t\t\t\t\t\t<\/div>\n\t\t\t\t<\/div>\n\t\t\t\t<div class=\"elementor-element elementor-element-84962c6 aux-appear-watch-animation aux-fade-in-up elementor-widget elementor-widget-aux_modern_heading\" data-id=\"84962c6\" data-element_type=\"widget\" data-widget_type=\"aux_modern_heading.default\">\n\t\t\t\t<div class=\"elementor-widget-container\">\n\t\t\t\t\t<section class=\"aux-widget-modern-heading\">\n            <div class=\"aux-widget-inner\"><div class=\"aux-modern-heading-divider\"><\/div><h6 class=\"aux-modern-heading-primary\"><\/h6><div class=\"aux-modern-heading-description\"><p>A f\u00f6ldm\u00e9r\u00e9s precizit\u00e1st \u00e9s szak\u00e9rtelmet ig\u00e9nyl\u0151 hivat\u00e1s, amelyben a pontoss\u00e1g alapvet\u0151 k\u00f6vetelm\u00e9ny. Egy hib\u00e1s m\u00e9r\u00e9s vagy hi\u00e1nyos dokument\u00e1ci\u00f3 nemcsak id\u0151- \u00e9s k\u00f6lts\u00e9gr\u00e1ford\u00edt\u00e1st jelenthet az \u00fcgyf\u00e9l sz\u00e1m\u00e1ra, hanem jogi \u00e9s m\u0171szaki probl\u00e9m\u00e1khoz is vezethet. \u00c9ppen ez\u00e9rt a munk\u00e1nkat mindig a legnagyobb gondoss\u00e1ggal \u00e9s a szakma legmagasabb sz\u00ednvonal\u00e1nak megfelel\u0151en v\u00e9gezz\u00fck korszer\u0171 eszk\u00f6z\u00f6kkel \u00e9s naprak\u00e9sz tud\u00e1ssal.<\/p><\/div><\/div>\n        <\/section>\t\t\t\t<\/div>\n\t\t\t\t<\/div>\n\t\t\t\t\t<\/div>\n\t\t<\/div>\n\t\t\t\t<div class=\"aux-parallax-section elementor-column elementor-col-33 elementor-top-column elementor-element elementor-element-126a4d5\" data-id=\"126a4d5\" data-element_type=\"column\">\n\t\t\t<div class=\"elementor-widget-wrap elementor-element-populated\">\n\t\t\t\t\t\t<div class=\"aux-scroll-anim elementor-element elementor-element-d6c06a9 aux-appear-watch-animation aux-mask-from-top elementor-widget elementor-widget-aux_image\" data-move-in=\"\" data-move-out=\"moveVertical\" data-axis-x=\"200\" data-axis-y=\"40\" data-rotate=\"90\" data-scale=\"1\" data-vp-top=\"0.5\" data-vp-bot=\"0.5\" data-el-top=\"0.2\" data-scroll-animation-off=\"1024\" data-id=\"d6c06a9\" data-element_type=\"widget\" data-widget_type=\"aux_image.default\">\n\t\t\t\t<div class=\"elementor-widget-container\">\n\t\t\t\t\t<section class=\"widget-container aux-widget-image aux-alignnone aux-parent-aufe84a638\">\n    <div class=\"aux-media-hint-frame \">\n        <div class=\"aux-media-image \" >\n        \n            \n\n            \n            <img fetchpriority=\"high\" decoding=\"async\" width=\"768\" height=\"768\" src=\"data:image\/gif;base64,R0lGODlhAQABAIAAAAAAAP\/\/\/yH5BAEAAAAALAAAAAABAAEAAAIBRAA7\" class=\"aux-attachment aux-featured-image aux-attachment-id-684 aux-preload aux-blank\" alt=\"\u00e1raz\u00e1s\" data-ratio=\"1\" data-original-w=\"1720\" sizes=\"auto\" data-srcset=\"https:\/\/www.alfygeo.sk\/wp-content\/uploads\/2025\/03\/arazas-150x150.webp 150w,https:\/\/www.alfygeo.sk\/wp-content\/uploads\/2025\/03\/arazas-300x300.webp 300w,https:\/\/www.alfygeo.sk\/wp-content\/uploads\/2025\/03\/arazas-768x768.webp 768w,https:\/\/www.alfygeo.sk\/wp-content\/uploads\/2025\/03\/arazas-1024x1024.webp 1024w,https:\/\/www.alfygeo.sk\/wp-content\/uploads\/2025\/03\/arazas-768x768.webp 768w\" data-src=\"https:\/\/www.alfygeo.sk\/wp-content\/uploads\/2025\/03\/arazas-768x768.webp\" \/>            \n                <\/div>\n    <\/div>\n\n<\/section><!-- widget-container -->\t\t\t\t<\/div>\n\t\t\t\t<\/div>\n\t\t\t\t<div class=\"aux-scroll-anim elementor-element elementor-element-9d9fd6b aux-appear-watch-animation aux-mask-from-top elementor-widget elementor-widget-aux_image\" data-move-in=\"\" data-move-out=\"moveVertical\" data-axis-x=\"200\" data-axis-y=\"40\" data-rotate=\"90\" data-scale=\"1\" data-vp-top=\"0.5\" data-vp-bot=\"0.5\" data-el-top=\"0.2\" data-scroll-animation-off=\"1024\" data-id=\"9d9fd6b\" data-element_type=\"widget\" data-widget_type=\"aux_image.default\">\n\t\t\t\t<div class=\"elementor-widget-container\">\n\t\t\t\t\t<section class=\"widget-container aux-widget-image aux-alignnone aux-parent-au4dc82132\">\n    <div class=\"aux-media-hint-frame \">\n        <div class=\"aux-media-image \" >\n        \n            \n\n            \n            <img decoding=\"async\" width=\"768\" height=\"768\" src=\"data:image\/gif;base64,R0lGODlhAQABAIAAAAAAAP\/\/\/yH5BAEAAAAALAAAAAABAAEAAAIBRAA7\" class=\"aux-attachment aux-featured-image aux-attachment-id-685 aux-preload aux-blank\" alt=\"\u00e1raz\u00e1s-2\" data-ratio=\"1\" data-original-w=\"2560\" sizes=\"auto\" data-srcset=\"https:\/\/www.alfygeo.sk\/wp-content\/uploads\/2025\/03\/arazas-2-150x150.webp 150w,https:\/\/www.alfygeo.sk\/wp-content\/uploads\/2025\/03\/arazas-2-300x300.webp 300w,https:\/\/www.alfygeo.sk\/wp-content\/uploads\/2025\/03\/arazas-2-768x768.webp 768w,https:\/\/www.alfygeo.sk\/wp-content\/uploads\/2025\/03\/arazas-2-1024x1024.webp 1024w,https:\/\/www.alfygeo.sk\/wp-content\/uploads\/2025\/03\/arazas-2-768x768.webp 768w\" data-src=\"https:\/\/www.alfygeo.sk\/wp-content\/uploads\/2025\/03\/arazas-2-768x768.webp\" \/>            \n                <\/div>\n    <\/div>\n\n<\/section><!-- widget-container -->\t\t\t\t<\/div>\n\t\t\t\t<\/div>\n\t\t\t\t\t<\/div>\n\t\t<\/div>\n\t\t\t\t\t<\/div>\n\t\t<\/section>\n\t\t\t\t<section class=\"elementor-section elementor-top-section elementor-element elementor-element-5310b9f elementor-section-content-middle elementor-section-boxed elementor-section-height-default elementor-section-height-default\" data-id=\"5310b9f\" data-element_type=\"section\" data-settings=\"{&quot;background_background&quot;:&quot;classic&quot;}\">\n\t\t\t\t\t\t\t<div class=\"elementor-background-overlay\"><\/div>\n\t\t\t\t\t\t\t<div class=\"elementor-container elementor-column-gap-no\">\n\t\t\t\t\t<div class=\"aux-parallax-section elementor-column elementor-col-100 elementor-top-column elementor-element elementor-element-1646871\" data-id=\"1646871\" data-element_type=\"column\">\n\t\t\t<div class=\"elementor-widget-wrap elementor-element-populated\">\n\t\t\t\t\t\t<div class=\"elementor-element elementor-element-3d968d9 aux-appear-watch-animation aux-fade-in-up elementor-widget elementor-widget-testimonial\" data-id=\"3d968d9\" data-element_type=\"widget\" data-widget_type=\"testimonial.default\">\n\t\t\t\t<div class=\"elementor-widget-container\">\n\t\t\t\t\t\t\t<div class=\"elementor-testimonial-wrapper\">\n\t\t\t\t\t\t\t<div class=\"elementor-testimonial-content\"><span>,,<\/span>\n\n<\/div>\n\t\t\t\n\t\t\t\t\t\t<div class=\"elementor-testimonial-meta\">\n\t\t\t\t<div class=\"elementor-testimonial-meta-inner\">\n\t\t\t\t\t\n\t\t\t\t\t\t\t\t\t\t<div class=\"elementor-testimonial-details\">\n\t\t\t\t\t\t\t\t\t\t\t\t\t\t<div class=\"elementor-testimonial-name\">Minden nagy \u00e9p\u00edtm\u00e9ny egy pontos m\u00e9r\u00e9sn\u00e9l kezd\u0151dik.<\/div>\n\t\t\t\t\t\t\t\t\t\t\t\t\t\t\t\t\t\t\t\t\t\t<div class=\"elementor-testimonial-job\">Leonardo da Vinci<\/div>\n\t\t\t\t\t\t\t\t\t\t\t\t\t<\/div>\n\t\t\t\t\t\t\t\t\t<\/div>\n\t\t\t<\/div>\n\t\t\t\t\t<\/div>\n\t\t\t\t\t\t<\/div>\n\t\t\t\t<\/div>\n\t\t\t\t<div class=\"aux-parallax-piece elementor-element elementor-element-e39fc39 elementor-widget__width-auto elementor-widget elementor-widget-aux_image\" data-parallax-origin=\"middle\" data-parallax-depth=\"0.1\" data-parallax-off=\"1024\" data-id=\"e39fc39\" data-element_type=\"widget\" data-widget_type=\"aux_image.default\">\n\t\t\t\t<div class=\"elementor-widget-container\">\n\t\t\t\t\t<section class=\"widget-container aux-widget-image aux-alignnone aux-parent-au939f2d74\">\n    <div class=\"aux-media-hint-frame \">\n        <div class=\"aux-media-image \" >\n        \n            \n\n            \n            <img decoding=\"async\" width=\"768\" height=\"768\" src=\"https:\/\/www.alfygeo.sk\/wp-content\/uploads\/2019\/01\/Subtraction-1-768x768.png\" class=\"aux-attachment aux-featured-image aux-attachment-id-68\" alt=\"demo-attachment-561-Subtraction-1\" srcset=\"https:\/\/www.alfygeo.sk\/wp-content\/uploads\/2019\/01\/Subtraction-1-150x150.png 150w,https:\/\/www.alfygeo.sk\/wp-content\/uploads\/2019\/01\/Subtraction-1-300x300.png 300w,https:\/\/www.alfygeo.sk\/wp-content\/uploads\/2019\/01\/Subtraction-1-768x768.png 768w,https:\/\/www.alfygeo.sk\/wp-content\/uploads\/2019\/01\/Subtraction-1-768x768.png 768w\" data-ratio=\"1\" data-original-w=\"845\" sizes=\"(max-width:479px) 480px,(max-width:767px) 768px,(max-width:1023px) 1024px,768px\" \/>            \n                <\/div>\n    <\/div>\n\n<\/section><!-- widget-container -->\t\t\t\t<\/div>\n\t\t\t\t<\/div>\n\t\t\t\t<div class=\"aux-parallax-piece elementor-element elementor-element-5e23ddd elementor-widget__width-auto elementor-widget elementor-widget-aux_image\" data-parallax-origin=\"middle\" data-parallax-depth=\"0.15\" data-parallax-off=\"1024\" data-id=\"5e23ddd\" data-element_type=\"widget\" data-widget_type=\"aux_image.default\">\n\t\t\t\t<div class=\"elementor-widget-container\">\n\t\t\t\t\t<section class=\"widget-container aux-widget-image aux-alignnone aux-parent-au0d2dd732\">\n    <div class=\"aux-media-hint-frame \">\n        <div class=\"aux-media-image \" >\n        \n            \n\n            \n            <img loading=\"lazy\" decoding=\"async\" width=\"600\" height=\"600\" src=\"https:\/\/www.alfygeo.sk\/wp-content\/uploads\/2019\/01\/Subtraction-1-600x600.png\" class=\"aux-attachment aux-featured-image aux-attachment-id-68\" alt=\"demo-attachment-561-Subtraction-1\" srcset=\"https:\/\/www.alfygeo.sk\/wp-content\/uploads\/2019\/01\/Subtraction-1-150x150.png 150w,https:\/\/www.alfygeo.sk\/wp-content\/uploads\/2019\/01\/Subtraction-1-300x300.png 300w,https:\/\/www.alfygeo.sk\/wp-content\/uploads\/2019\/01\/Subtraction-1-768x768.png 768w,https:\/\/www.alfygeo.sk\/wp-content\/uploads\/2019\/01\/Subtraction-1-600x600.png 600w\" data-ratio=\"1\" data-original-w=\"845\" sizes=\"(max-width:479px) 480px,(max-width:767px) 768px,(max-width:1023px) 1024px,600px\" \/>            \n                <\/div>\n    <\/div>\n\n<\/section><!-- widget-container -->\t\t\t\t<\/div>\n\t\t\t\t<\/div>\n\t\t\t\t\t<\/div>\n\t\t<\/div>\n\t\t\t\t\t<\/div>\n\t\t<\/section>\n\t\t\t\t<\/div>\n\t\t","protected":false},"excerpt":{"rendered":"<p>\u00c1raj\u00e1nlat \u00c1raink Minden f\u00f6ldm\u00e9r\u00e9si munka egyedi, ez\u00e9rt a d\u00edjaz\u00e1st mindig egyedi aj\u00e1nlatk\u00e9r\u00e9s alapj\u00e1n, a konkr\u00e9t feladat pontos ismeret\u00e9ben hat\u00e1rozom meg. Nem alkalmazok fix \u00e1raz\u00e1st, mivel a munk\u00e1k \u00f6sszetetts\u00e9ge \u00e9s id\u0151ig\u00e9nye jelent\u0151sen elt\u00e9rhet. Egy egyszer\u0171bb megb\u00edz\u00e1s k\u00f6lts\u00e9ge alacsonyabb, m\u00edg a bonyolultabb, t\u00f6bb szak\u00e9rtelmet \u00e9s id\u0151t ig\u00e9nyl\u0151 feladatok magasabb d\u00edjaz\u00e1ssal j\u00e1rnak. A f\u00f6ldm\u00e9r\u00e9s nem csup\u00e1n m\u0171szaki dokumentumok [&hellip;]<\/p>\n","protected":false},"author":1,"featured_media":0,"parent":0,"menu_order":0,"comment_status":"closed","ping_status":"closed","template":"","meta":{"_monsterinsights_skip_tracking":false,"_monsterinsights_sitenote_active":false,"_monsterinsights_sitenote_note":"","_monsterinsights_sitenote_category":0,"footnotes":""},"class_list":["post-682","page","type-page","status-publish","hentry"],"yoast_head":"<!-- This site is optimized with the Yoast SEO plugin v24.3 - https:\/\/yoast.com\/wordpress\/plugins\/seo\/ -->\n<title>\u00c1raink - Alfygeo plus<\/title>\n<meta name=\"robots\" content=\"index, follow, max-snippet:-1, max-image-preview:large, max-video-preview:-1\" \/>\n<link rel=\"canonical\" href=\"https:\/\/www.alfygeo.sk\/hu\/araink\/\" \/>\n<meta property=\"og:locale\" content=\"hu_HU\" \/>\n<meta property=\"og:type\" content=\"article\" \/>\n<meta property=\"og:title\" content=\"\u00c1raink - Alfygeo plus\" \/>\n<meta property=\"og:description\" content=\"\u00c1raj\u00e1nlat \u00c1raink Minden f\u00f6ldm\u00e9r\u00e9si munka egyedi, ez\u00e9rt a d\u00edjaz\u00e1st mindig egyedi aj\u00e1nlatk\u00e9r\u00e9s alapj\u00e1n, a konkr\u00e9t feladat pontos ismeret\u00e9ben hat\u00e1rozom meg. Nem alkalmazok fix \u00e1raz\u00e1st, mivel a munk\u00e1k \u00f6sszetetts\u00e9ge \u00e9s id\u0151ig\u00e9nye jelent\u0151sen elt\u00e9rhet. Egy egyszer\u0171bb megb\u00edz\u00e1s k\u00f6lts\u00e9ge alacsonyabb, m\u00edg a bonyolultabb, t\u00f6bb szak\u00e9rtelmet \u00e9s id\u0151t ig\u00e9nyl\u0151 feladatok magasabb d\u00edjaz\u00e1ssal j\u00e1rnak. A f\u00f6ldm\u00e9r\u00e9s nem csup\u00e1n m\u0171szaki dokumentumok [&hellip;]\" \/>\n<meta property=\"og:url\" content=\"https:\/\/www.alfygeo.sk\/hu\/araink\/\" \/>\n<meta property=\"og:site_name\" content=\"Alfygeo plus\" \/>\n<meta property=\"article:modified_time\" content=\"2025-03-24T15:14:31+00:00\" \/>\n<meta property=\"og:image\" content=\"https:\/\/www.alfygeo.sk\/wp-content\/uploads\/2019\/01\/Subtraction-1-768x768.png\" \/>\n<meta name=\"twitter:card\" content=\"summary_large_image\" \/>\n<meta name=\"twitter:label1\" content=\"Becs\u00fclt olvas\u00e1si id\u0151\" \/>\n\t<meta name=\"twitter:data1\" content=\"2 perc\" \/>\n<script type=\"application\/ld+json\" class=\"yoast-schema-graph\">{\"@context\":\"https:\/\/schema.org\",\"@graph\":[{\"@type\":\"WebPage\",\"@id\":\"https:\/\/www.alfygeo.sk\/hu\/araink\/\",\"url\":\"https:\/\/www.alfygeo.sk\/hu\/araink\/\",\"name\":\"\u00c1raink - Alfygeo plus\",\"isPartOf\":{\"@id\":\"https:\/\/www.alfygeo.sk\/hu\/#website\"},\"primaryImageOfPage\":{\"@id\":\"https:\/\/www.alfygeo.sk\/hu\/araink\/#primaryimage\"},\"image\":{\"@id\":\"https:\/\/www.alfygeo.sk\/hu\/araink\/#primaryimage\"},\"thumbnailUrl\":\"https:\/\/www.alfygeo.sk\/wp-content\/uploads\/2019\/01\/Subtraction-1-768x768.png\",\"datePublished\":\"2025-03-16T17:30:13+00:00\",\"dateModified\":\"2025-03-24T15:14:31+00:00\",\"breadcrumb\":{\"@id\":\"https:\/\/www.alfygeo.sk\/hu\/araink\/#breadcrumb\"},\"inLanguage\":\"hu\",\"potentialAction\":[{\"@type\":\"ReadAction\",\"target\":[\"https:\/\/www.alfygeo.sk\/hu\/araink\/\"]}]},{\"@type\":\"ImageObject\",\"inLanguage\":\"hu\",\"@id\":\"https:\/\/www.alfygeo.sk\/hu\/araink\/#primaryimage\",\"url\":\"https:\/\/www.alfygeo.sk\/wp-content\/uploads\/2019\/01\/Subtraction-1-768x768.png\",\"contentUrl\":\"https:\/\/www.alfygeo.sk\/wp-content\/uploads\/2019\/01\/Subtraction-1-768x768.png\"},{\"@type\":\"BreadcrumbList\",\"@id\":\"https:\/\/www.alfygeo.sk\/hu\/araink\/#breadcrumb\",\"itemListElement\":[{\"@type\":\"ListItem\",\"position\":1,\"name\":\"Home\",\"item\":\"https:\/\/www.alfygeo.sk\/hu\/\"},{\"@type\":\"ListItem\",\"position\":2,\"name\":\"\u00c1raink\"}]},{\"@type\":\"WebSite\",\"@id\":\"https:\/\/www.alfygeo.sk\/hu\/#website\",\"url\":\"https:\/\/www.alfygeo.sk\/hu\/\",\"name\":\"Alfygeo plus\",\"description\":\"Spo\u013eahliv\u00e9 merania pre v\u00e1\u0161 projekt\",\"publisher\":{\"@id\":\"https:\/\/www.alfygeo.sk\/hu\/#organization\"},\"potentialAction\":[{\"@type\":\"SearchAction\",\"target\":{\"@type\":\"EntryPoint\",\"urlTemplate\":\"https:\/\/www.alfygeo.sk\/hu\/?s={search_term_string}\"},\"query-input\":{\"@type\":\"PropertyValueSpecification\",\"valueRequired\":true,\"valueName\":\"search_term_string\"}}],\"inLanguage\":\"hu\"},{\"@type\":\"Organization\",\"@id\":\"https:\/\/www.alfygeo.sk\/hu\/#organization\",\"name\":\"Alfygeo plus\",\"url\":\"https:\/\/www.alfygeo.sk\/hu\/\",\"logo\":{\"@type\":\"ImageObject\",\"inLanguage\":\"hu\",\"@id\":\"https:\/\/www.alfygeo.sk\/hu\/#\/schema\/logo\/image\/\",\"url\":\"https:\/\/www.alfygeo.sk\/wp-content\/uploads\/2020\/03\/logo-alfygeo-plus.webp\",\"contentUrl\":\"https:\/\/www.alfygeo.sk\/wp-content\/uploads\/2020\/03\/logo-alfygeo-plus.webp\",\"width\":350,\"height\":60,\"caption\":\"Alfygeo plus\"},\"image\":{\"@id\":\"https:\/\/www.alfygeo.sk\/hu\/#\/schema\/logo\/image\/\"}}]}<\/script>\n<!-- \/ Yoast SEO plugin. -->","yoast_head_json":{"title":"\u00c1raink - Alfygeo plus","robots":{"index":"index","follow":"follow","max-snippet":"max-snippet:-1","max-image-preview":"max-image-preview:large","max-video-preview":"max-video-preview:-1"},"canonical":"https:\/\/www.alfygeo.sk\/hu\/araink\/","og_locale":"hu_HU","og_type":"article","og_title":"\u00c1raink - Alfygeo plus","og_description":"\u00c1raj\u00e1nlat \u00c1raink Minden f\u00f6ldm\u00e9r\u00e9si munka egyedi, ez\u00e9rt a d\u00edjaz\u00e1st mindig egyedi aj\u00e1nlatk\u00e9r\u00e9s alapj\u00e1n, a konkr\u00e9t feladat pontos ismeret\u00e9ben hat\u00e1rozom meg. Nem alkalmazok fix \u00e1raz\u00e1st, mivel a munk\u00e1k \u00f6sszetetts\u00e9ge \u00e9s id\u0151ig\u00e9nye jelent\u0151sen elt\u00e9rhet. Egy egyszer\u0171bb megb\u00edz\u00e1s k\u00f6lts\u00e9ge alacsonyabb, m\u00edg a bonyolultabb, t\u00f6bb szak\u00e9rtelmet \u00e9s id\u0151t ig\u00e9nyl\u0151 feladatok magasabb d\u00edjaz\u00e1ssal j\u00e1rnak. A f\u00f6ldm\u00e9r\u00e9s nem csup\u00e1n m\u0171szaki dokumentumok [&hellip;]","og_url":"https:\/\/www.alfygeo.sk\/hu\/araink\/","og_site_name":"Alfygeo plus","article_modified_time":"2025-03-24T15:14:31+00:00","og_image":[{"url":"https:\/\/www.alfygeo.sk\/wp-content\/uploads\/2019\/01\/Subtraction-1-768x768.png","type":"","width":"","height":""}],"twitter_card":"summary_large_image","twitter_misc":{"Becs\u00fclt olvas\u00e1si id\u0151":"2 perc"},"schema":{"@context":"https:\/\/schema.org","@graph":[{"@type":"WebPage","@id":"https:\/\/www.alfygeo.sk\/hu\/araink\/","url":"https:\/\/www.alfygeo.sk\/hu\/araink\/","name":"\u00c1raink - Alfygeo plus","isPartOf":{"@id":"https:\/\/www.alfygeo.sk\/hu\/#website"},"primaryImageOfPage":{"@id":"https:\/\/www.alfygeo.sk\/hu\/araink\/#primaryimage"},"image":{"@id":"https:\/\/www.alfygeo.sk\/hu\/araink\/#primaryimage"},"thumbnailUrl":"https:\/\/www.alfygeo.sk\/wp-content\/uploads\/2019\/01\/Subtraction-1-768x768.png","datePublished":"2025-03-16T17:30:13+00:00","dateModified":"2025-03-24T15:14:31+00:00","breadcrumb":{"@id":"https:\/\/www.alfygeo.sk\/hu\/araink\/#breadcrumb"},"inLanguage":"hu","potentialAction":[{"@type":"ReadAction","target":["https:\/\/www.alfygeo.sk\/hu\/araink\/"]}]},{"@type":"ImageObject","inLanguage":"hu","@id":"https:\/\/www.alfygeo.sk\/hu\/araink\/#primaryimage","url":"https:\/\/www.alfygeo.sk\/wp-content\/uploads\/2019\/01\/Subtraction-1-768x768.png","contentUrl":"https:\/\/www.alfygeo.sk\/wp-content\/uploads\/2019\/01\/Subtraction-1-768x768.png"},{"@type":"BreadcrumbList","@id":"https:\/\/www.alfygeo.sk\/hu\/araink\/#breadcrumb","itemListElement":[{"@type":"ListItem","position":1,"name":"Home","item":"https:\/\/www.alfygeo.sk\/hu\/"},{"@type":"ListItem","position":2,"name":"\u00c1raink"}]},{"@type":"WebSite","@id":"https:\/\/www.alfygeo.sk\/hu\/#website","url":"https:\/\/www.alfygeo.sk\/hu\/","name":"Alfygeo plus","description":"Spo\u013eahliv\u00e9 merania pre v\u00e1\u0161 projekt","publisher":{"@id":"https:\/\/www.alfygeo.sk\/hu\/#organization"},"potentialAction":[{"@type":"SearchAction","target":{"@type":"EntryPoint","urlTemplate":"https:\/\/www.alfygeo.sk\/hu\/?s={search_term_string}"},"query-input":{"@type":"PropertyValueSpecification","valueRequired":true,"valueName":"search_term_string"}}],"inLanguage":"hu"},{"@type":"Organization","@id":"https:\/\/www.alfygeo.sk\/hu\/#organization","name":"Alfygeo plus","url":"https:\/\/www.alfygeo.sk\/hu\/","logo":{"@type":"ImageObject","inLanguage":"hu","@id":"https:\/\/www.alfygeo.sk\/hu\/#\/schema\/logo\/image\/","url":"https:\/\/www.alfygeo.sk\/wp-content\/uploads\/2020\/03\/logo-alfygeo-plus.webp","contentUrl":"https:\/\/www.alfygeo.sk\/wp-content\/uploads\/2020\/03\/logo-alfygeo-plus.webp","width":350,"height":60,"caption":"Alfygeo plus"},"image":{"@id":"https:\/\/www.alfygeo.sk\/hu\/#\/schema\/logo\/image\/"}}]}},"_links":{"self":[{"href":"https:\/\/www.alfygeo.sk\/hu\/wp-json\/wp\/v2\/pages\/682","targetHints":{"allow":["GET"]}}],"collection":[{"href":"https:\/\/www.alfygeo.sk\/hu\/wp-json\/wp\/v2\/pages"}],"about":[{"href":"https:\/\/www.alfygeo.sk\/hu\/wp-json\/wp\/v2\/types\/page"}],"author":[{"embeddable":true,"href":"https:\/\/www.alfygeo.sk\/hu\/wp-json\/wp\/v2\/users\/1"}],"replies":[{"embeddable":true,"href":"https:\/\/www.alfygeo.sk\/hu\/wp-json\/wp\/v2\/comments?post=682"}],"version-history":[{"count":6,"href":"https:\/\/www.alfygeo.sk\/hu\/wp-json\/wp\/v2\/pages\/682\/revisions"}],"predecessor-version":[{"id":843,"href":"https:\/\/www.alfygeo.sk\/hu\/wp-json\/wp\/v2\/pages\/682\/revisions\/843"}],"wp:attachment":[{"href":"https:\/\/www.alfygeo.sk\/hu\/wp-json\/wp\/v2\/media?parent=682"}],"curies":[{"name":"wp","href":"https:\/\/api.w.org\/{rel}","templated":true}]}}